{"id":28474,"date":"2024-05-16T13:53:12","date_gmt":"2024-05-16T13:53:12","guid":{"rendered":"https:\/\/theme-dev.cmsmasters.net\/dentalist\/?page_id=28474"},"modified":"2025-07-26T21:30:39","modified_gmt":"2025-07-26T21:30:39","slug":"about-us","status":"publish","type":"page","link":"https:\/\/dsgdentistry.com\/es\/about-us\/","title":{"rendered":"Nosotros"},"content":{"rendered":"<div data-elementor-type=\"wp-page\" data-elementor-id=\"28474\" class=\"elementor elementor-28474\" data-elementor-post-type=\"page\">\n\t\t\t\t<div class=\"elementor-element elementor-element-3b51121 e-flex e-con-boxed cmsmasters-bg-hide-none cmsmasters-bg-hide-none cmsmasters-block-default e-con e-parent\" data-id=\"3b51121\" data-element_type=\"container\" data-e-type=\"container\" data-settings=\"{&quot;background_background&quot;:&quot;classic&quot;}\">\n\t\t\t\t\t<div class=\"e-con-inner\">\n\t\t<div class=\"elementor-element elementor-element-f301ecb e-con-full e-flex cmsmasters-block-default e-con e-child\" data-id=\"f301ecb\" data-element_type=\"container\" data-e-type=\"container\">\n\t\t\t\t<div class=\"elementor-element elementor-element-372caff cmsmasters-block-default cmsmasters-sticky-default elementor-widget elementor-widget-image\" data-id=\"372caff\" data-element_type=\"widget\" data-e-type=\"widget\" data-widget_type=\"image.default\">\n\t\t\t\t<div class=\"elementor-widget-container\">\n\t\t\t\t\t\t\t\t\t\t\t\t\t\t\t<img fetchpriority=\"high\" decoding=\"async\" width=\"2000\" height=\"1333\" src=\"https:\/\/dsgdentistry.com\/wp-content\/uploads\/2024\/12\/886-30x20.webp\" class=\"attachment-full size-full wp-image-37610 cmsmasters_img cmsmasters-lazyload lazyload\" alt=\"\" data-sizes=\"(max-width: 2000px) 100vw, 2000px\" data-src=\"https:\/\/dsgdentistry.com\/wp-content\/uploads\/2024\/12\/886.webp\" data-srcset=\"https:\/\/dsgdentistry.com\/wp-content\/uploads\/2024\/12\/886.webp 2000w, https:\/\/dsgdentistry.com\/wp-content\/uploads\/2024\/12\/886-300x200.webp 300w, https:\/\/dsgdentistry.com\/wp-content\/uploads\/2024\/12\/886-1024x682.webp 1024w, https:\/\/dsgdentistry.com\/wp-content\/uploads\/2024\/12\/886-768x512.webp 768w, https:\/\/dsgdentistry.com\/wp-content\/uploads\/2024\/12\/886-1536x1024.webp 1536w, https:\/\/dsgdentistry.com\/wp-content\/uploads\/2024\/12\/886-450x300.webp 450w, https:\/\/dsgdentistry.com\/wp-content\/uploads\/2024\/12\/886-600x400.webp 600w, https:\/\/dsgdentistry.com\/wp-content\/uploads\/2024\/12\/886-30x20.webp 30w, https:\/\/dsgdentistry.com\/wp-content\/uploads\/2024\/12\/886-15x10.webp 15w\" srcset=\"https:\/\/dsgdentistry.com\/wp-content\/uploads\/2024\/12\/886-30x20.webp 30w, https:\/\/dsgdentistry.com\/wp-content\/uploads\/2024\/12\/886-300x200.webp 300w, https:\/\/dsgdentistry.com\/wp-content\/uploads\/2024\/12\/886-1024x682.webp 1024w, https:\/\/dsgdentistry.com\/wp-content\/uploads\/2024\/12\/886-768x512.webp 768w, https:\/\/dsgdentistry.com\/wp-content\/uploads\/2024\/12\/886-1536x1024.webp 1536w, https:\/\/dsgdentistry.com\/wp-content\/uploads\/2024\/12\/886-450x300.webp 450w, https:\/\/dsgdentistry.com\/wp-content\/uploads\/2024\/12\/886-600x400.webp 600w, https:\/\/dsgdentistry.com\/wp-content\/uploads\/2024\/12\/886-15x10.webp 15w, https:\/\/dsgdentistry.com\/wp-content\/uploads\/2024\/12\/886.webp 2000w\" sizes=\"(max-width: 2000px) 100vw, 2000px\" \/>\t\t\t\t\t\t\t\t\t\t\t\t\t\t\t<\/div>\n\t\t\t\t<\/div>\n\t\t\t\t<\/div>\n\t\t<div class=\"elementor-element elementor-element-0f297b9 e-con-full e-flex cmsmasters-block-default e-con e-child\" data-id=\"0f297b9\" data-element_type=\"container\" data-e-type=\"container\">\n\t\t\t\t<div class=\"elementor-element elementor-element-4452b92 cmsmasters-block-default cmsmasters-sticky-default elementor-widget elementor-widget-heading\" data-id=\"4452b92\" data-element_type=\"widget\" data-e-type=\"widget\" data-widget_type=\"heading.default\">\n\t\t\t\t<div class=\"elementor-widget-container\">\n\t\t\t\t\t<h6 class=\"elementor-heading-title elementor-size-default\">Nosotros<\/h6>\t\t\t\t<\/div>\n\t\t\t\t<\/div>\n\t\t\t\t<div class=\"elementor-element elementor-element-a827701 cmsmasters-block-default cmsmasters-sticky-default elementor-widget elementor-widget-heading\" data-id=\"a827701\" data-element_type=\"widget\" data-e-type=\"widget\" data-widget_type=\"heading.default\">\n\t\t\t\t<div class=\"elementor-widget-container\">\n\t\t\t\t\t<h1 class=\"elementor-heading-title elementor-size-default\">\u00bfPor qu\u00e9 somos la mejor cl\u00ednica?<\/h1>\t\t\t\t<\/div>\n\t\t\t\t<\/div>\n\t\t\t\t<div class=\"elementor-element elementor-element-9e9be3b cmsmasters-block-default cmsmasters-sticky-default elementor-widget elementor-widget-text-editor\" data-id=\"9e9be3b\" data-element_type=\"widget\" data-e-type=\"widget\" data-widget_type=\"text-editor.default\">\n\t\t\t\t<div class=\"elementor-widget-container\">\n\t\t\t\t\t\t\t\t\t<p>La mejor experiencia de salud dental para toda tu familia en Coral Springs, Florida<\/p>\t\t\t\t\t\t\t\t<\/div>\n\t\t\t\t<\/div>\n\t\t\t\t<\/div>\n\t\t\t\t\t<\/div>\n\t\t\t\t<\/div>\n\t\t<div class=\"elementor-element elementor-element-dc003f3 e-flex e-con-boxed cmsmasters-block-default e-con e-parent\" data-id=\"dc003f3\" data-element_type=\"container\" data-e-type=\"container\">\n\t\t\t\t\t<div class=\"e-con-inner\">\n\t\t<div class=\"elementor-element elementor-element-101afa0 e-con-full e-flex cmsmasters-block-default e-con e-child\" data-id=\"101afa0\" data-element_type=\"container\" data-e-type=\"container\">\n\t\t\t\t<div class=\"elementor-element elementor-element-9d91a8a cmsmasters-block-default cmsmasters-sticky-default elementor-widget elementor-widget-image\" data-id=\"9d91a8a\" data-element_type=\"widget\" data-e-type=\"widget\" data-widget_type=\"image.default\">\n\t\t\t\t<div class=\"elementor-widget-container\">\n\t\t\t\t\t\t\t\t\t\t\t\t\t\t\t<img decoding=\"async\" width=\"2560\" height=\"1709\" src=\"https:\/\/dsgdentistry.com\/wp-content\/uploads\/2024\/12\/Dsg-Dentistry-89-30x20.webp\" class=\"attachment-full size-full wp-image-37611 cmsmasters_img cmsmasters-lazyload lazyload\" alt=\"\" data-sizes=\"(max-width: 2560px) 100vw, 2560px\" data-src=\"https:\/\/dsgdentistry.com\/wp-content\/uploads\/2024\/12\/Dsg-Dentistry-89-scaled.webp\" data-srcset=\"https:\/\/dsgdentistry.com\/wp-content\/uploads\/2024\/12\/Dsg-Dentistry-89-scaled.webp 2560w, https:\/\/dsgdentistry.com\/wp-content\/uploads\/2024\/12\/Dsg-Dentistry-89-300x200.webp 300w, https:\/\/dsgdentistry.com\/wp-content\/uploads\/2024\/12\/Dsg-Dentistry-89-1024x684.webp 1024w, https:\/\/dsgdentistry.com\/wp-content\/uploads\/2024\/12\/Dsg-Dentistry-89-768x513.webp 768w, https:\/\/dsgdentistry.com\/wp-content\/uploads\/2024\/12\/Dsg-Dentistry-89-1536x1026.webp 1536w, https:\/\/dsgdentistry.com\/wp-content\/uploads\/2024\/12\/Dsg-Dentistry-89-2048x1368.webp 2048w, https:\/\/dsgdentistry.com\/wp-content\/uploads\/2024\/12\/Dsg-Dentistry-89-449x300.webp 449w, https:\/\/dsgdentistry.com\/wp-content\/uploads\/2024\/12\/Dsg-Dentistry-89-600x401.webp 600w, https:\/\/dsgdentistry.com\/wp-content\/uploads\/2024\/12\/Dsg-Dentistry-89-30x20.webp 30w, https:\/\/dsgdentistry.com\/wp-content\/uploads\/2024\/12\/Dsg-Dentistry-89-15x10.webp 15w\" srcset=\"https:\/\/dsgdentistry.com\/wp-content\/uploads\/2024\/12\/Dsg-Dentistry-89-30x20.webp 30w, https:\/\/dsgdentistry.com\/wp-content\/uploads\/2024\/12\/Dsg-Dentistry-89-300x200.webp 300w, https:\/\/dsgdentistry.com\/wp-content\/uploads\/2024\/12\/Dsg-Dentistry-89-1024x684.webp 1024w, https:\/\/dsgdentistry.com\/wp-content\/uploads\/2024\/12\/Dsg-Dentistry-89-768x513.webp 768w, https:\/\/dsgdentistry.com\/wp-content\/uploads\/2024\/12\/Dsg-Dentistry-89-1536x1026.webp 1536w, https:\/\/dsgdentistry.com\/wp-content\/uploads\/2024\/12\/Dsg-Dentistry-89-2048x1368.webp 2048w, https:\/\/dsgdentistry.com\/wp-content\/uploads\/2024\/12\/Dsg-Dentistry-89-449x300.webp 449w, https:\/\/dsgdentistry.com\/wp-content\/uploads\/2024\/12\/Dsg-Dentistry-89-600x401.webp 600w, https:\/\/dsgdentistry.com\/wp-content\/uploads\/2024\/12\/Dsg-Dentistry-89-15x10.webp 15w\" sizes=\"(max-width: 2560px) 100vw, 2560px\" \/>\t\t\t\t\t\t\t\t\t\t\t\t\t\t\t<\/div>\n\t\t\t\t<\/div>\n\t\t\t\t<\/div>\n\t\t<div class=\"elementor-element elementor-element-ebadd2c e-con-full e-flex cmsmasters-block-default e-con e-child\" data-id=\"ebadd2c\" data-element_type=\"container\" data-e-type=\"container\">\n\t\t\t\t<div class=\"elementor-element elementor-element-02bea4e elementor-widget__width-initial cmsmasters-block-default cmsmasters-sticky-default elementor-widget elementor-widget-heading\" data-id=\"02bea4e\" data-element_type=\"widget\" data-e-type=\"widget\" data-widget_type=\"heading.default\">\n\t\t\t\t<div class=\"elementor-widget-container\">\n\t\t\t\t\t<h2 class=\"elementor-heading-title elementor-size-default\">Bienvenidos a DSG Dentistry<\/h2>\t\t\t\t<\/div>\n\t\t\t\t<\/div>\n\t\t\t\t<div class=\"elementor-element elementor-element-ecbb9e0 cmsmasters-block-default cmsmasters-sticky-default elementor-widget elementor-widget-text-editor\" data-id=\"ecbb9e0\" data-element_type=\"widget\" data-e-type=\"widget\" data-widget_type=\"text-editor.default\">\n\t\t\t\t<div class=\"elementor-widget-container\">\n\t\t\t\t\t\t\t\t\tTe damos la bienvenida a nuestra cl\u00ednica, donde nos comprometemos a ofrecer un cuidado dental excepcional en un ambiente amigable y acogedor. Nuestra cl\u00ednica se basa en los principios de atenci\u00f3n centrada en el paciente, donde tu comodidad y salud dental son nuestra m\u00e1xima prioridad.\t\t\t\t\t\t\t\t<\/div>\n\t\t\t\t<\/div>\n\t\t\t\t<\/div>\n\t\t\t\t\t<\/div>\n\t\t\t\t<\/div>\n\t\t<div class=\"elementor-element elementor-element-e15739b e-flex e-con-boxed cmsmasters-block-default e-con e-parent\" data-id=\"e15739b\" data-element_type=\"container\" data-e-type=\"container\">\n\t\t\t\t\t<div class=\"e-con-inner\">\n\t\t<div class=\"elementor-element elementor-element-2a01e8d e-con-full e-flex cmsmasters-block-default e-con e-child\" data-id=\"2a01e8d\" data-element_type=\"container\" data-e-type=\"container\">\n\t\t\t\t<div class=\"elementor-element elementor-element-77620f7 cmsmasters-block-default cmsmasters-sticky-default elementor-widget elementor-widget-heading\" data-id=\"77620f7\" data-element_type=\"widget\" data-e-type=\"widget\" data-widget_type=\"heading.default\">\n\t\t\t\t<div class=\"elementor-widget-container\">\n\t\t\t\t\t<h2 class=\"elementor-heading-title elementor-size-default\">Nuestra Historia<\/h2>\t\t\t\t<\/div>\n\t\t\t\t<\/div>\n\t\t\t\t<div class=\"elementor-element elementor-element-229ceef elementor-widget__width-initial elementor-widget-tablet__width-inherit cmsmasters-block-default cmsmasters-sticky-default elementor-widget elementor-widget-text-editor\" data-id=\"229ceef\" data-element_type=\"widget\" data-e-type=\"widget\" data-widget_type=\"text-editor.default\">\n\t\t\t\t<div class=\"elementor-widget-container\">\n\t\t\t\t\t\t\t\t\tCreemos que todos merecen una sonrisa saludable y hermosa. Por eso, ofrecemos una amplia gama de servicios dentales para satisfacer tus necesidades, desde limpiezas y ex\u00e1menes de rutina hasta tratamientos avanzados como l\u00e1ser e implantes. \t\t\t\t\t\t\t\t<\/div>\n\t\t\t\t<\/div>\n\t\t<div class=\"elementor-element elementor-element-2af516f e-con-full e-flex cmsmasters-block-default e-con e-child\" data-id=\"2af516f\" data-element_type=\"container\" data-e-type=\"container\">\n\t\t\t\t<div class=\"elementor-element elementor-element-b0032b7 elementor-widget-mobile__width-inherit cmsmasters-block-default cmsmasters-sticky-default elementor-widget elementor-widget-image\" data-id=\"b0032b7\" data-element_type=\"widget\" data-e-type=\"widget\" data-widget_type=\"image.default\">\n\t\t\t\t<div class=\"elementor-widget-container\">\n\t\t\t\t\t\t\t\t\t\t\t\t\t\t\t<img decoding=\"async\" width=\"600\" height=\"600\" src=\"https:\/\/dsgdentistry.com\/wp-content\/uploads\/2024\/12\/about-us4-30x30.png\" class=\"attachment-full size-full wp-image-37623 cmsmasters_img cmsmasters-lazyload lazyload\" alt=\"\" data-sizes=\"(max-width: 600px) 100vw, 600px\" data-src=\"https:\/\/dsgdentistry.com\/wp-content\/uploads\/2024\/12\/about-us4.png\" data-srcset=\"https:\/\/dsgdentistry.com\/wp-content\/uploads\/2024\/12\/about-us4.png 600w, https:\/\/dsgdentistry.com\/wp-content\/uploads\/2024\/12\/about-us4-300x300.png 300w, https:\/\/dsgdentistry.com\/wp-content\/uploads\/2024\/12\/about-us4-150x150.png 150w, https:\/\/dsgdentistry.com\/wp-content\/uploads\/2024\/12\/about-us4-260x260.png 260w, https:\/\/dsgdentistry.com\/wp-content\/uploads\/2024\/12\/about-us4-100x100.png 100w, https:\/\/dsgdentistry.com\/wp-content\/uploads\/2024\/12\/about-us4-30x30.png 30w, https:\/\/dsgdentistry.com\/wp-content\/uploads\/2024\/12\/about-us4-10x10.png 10w, https:\/\/dsgdentistry.com\/wp-content\/uploads\/2024\/12\/about-us4-24x24.png 24w, https:\/\/dsgdentistry.com\/wp-content\/uploads\/2024\/12\/about-us4-48x48.png 48w, https:\/\/dsgdentistry.com\/wp-content\/uploads\/2024\/12\/about-us4-96x96.png 96w\" srcset=\"https:\/\/dsgdentistry.com\/wp-content\/uploads\/2024\/12\/about-us4-30x30.png 30w, https:\/\/dsgdentistry.com\/wp-content\/uploads\/2024\/12\/about-us4-300x300.png 300w, https:\/\/dsgdentistry.com\/wp-content\/uploads\/2024\/12\/about-us4-150x150.png 150w, https:\/\/dsgdentistry.com\/wp-content\/uploads\/2024\/12\/about-us4-260x260.png 260w, https:\/\/dsgdentistry.com\/wp-content\/uploads\/2024\/12\/about-us4-100x100.png 100w, https:\/\/dsgdentistry.com\/wp-content\/uploads\/2024\/12\/about-us4-10x10.png 10w, https:\/\/dsgdentistry.com\/wp-content\/uploads\/2024\/12\/about-us4-24x24.png 24w, https:\/\/dsgdentistry.com\/wp-content\/uploads\/2024\/12\/about-us4-48x48.png 48w, https:\/\/dsgdentistry.com\/wp-content\/uploads\/2024\/12\/about-us4-96x96.png 96w, https:\/\/dsgdentistry.com\/wp-content\/uploads\/2024\/12\/about-us4.png 600w\" sizes=\"(max-width: 600px) 100vw, 600px\" \/>\t\t\t\t\t\t\t\t\t\t\t\t\t\t\t<\/div>\n\t\t\t\t<\/div>\n\t\t\t\t<div class=\"elementor-element elementor-element-1ecea90 elementor-widget-mobile__width-inherit cmsmasters-block-default cmsmasters-sticky-default elementor-widget elementor-widget-image\" data-id=\"1ecea90\" data-element_type=\"widget\" data-e-type=\"widget\" data-widget_type=\"image.default\">\n\t\t\t\t<div class=\"elementor-widget-container\">\n\t\t\t\t\t\t\t\t\t\t\t\t\t\t\t<img loading=\"lazy\" decoding=\"async\" width=\"600\" height=\"600\" src=\"https:\/\/dsgdentistry.com\/wp-content\/uploads\/2024\/12\/about-us4-30x30.webp\" class=\"attachment-full size-full wp-image-37186 cmsmasters_img cmsmasters-lazyload lazyload\" alt=\"\" data-sizes=\"(max-width: 600px) 100vw, 600px\" data-src=\"https:\/\/dsgdentistry.com\/wp-content\/uploads\/2024\/12\/about-us4.webp\" data-srcset=\"https:\/\/dsgdentistry.com\/wp-content\/uploads\/2024\/12\/about-us4.webp 600w, https:\/\/dsgdentistry.com\/wp-content\/uploads\/2024\/12\/about-us4-300x300.webp 300w, https:\/\/dsgdentistry.com\/wp-content\/uploads\/2024\/12\/about-us4-150x150.webp 150w, https:\/\/dsgdentistry.com\/wp-content\/uploads\/2024\/12\/about-us4-260x260.webp 260w, https:\/\/dsgdentistry.com\/wp-content\/uploads\/2024\/12\/about-us4-100x100.webp 100w, https:\/\/dsgdentistry.com\/wp-content\/uploads\/2024\/12\/about-us4-30x30.webp 30w, https:\/\/dsgdentistry.com\/wp-content\/uploads\/2024\/12\/about-us4-10x10.webp 10w\" srcset=\"https:\/\/dsgdentistry.com\/wp-content\/uploads\/2024\/12\/about-us4-30x30.webp 30w, https:\/\/dsgdentistry.com\/wp-content\/uploads\/2024\/12\/about-us4-300x300.webp 300w, https:\/\/dsgdentistry.com\/wp-content\/uploads\/2024\/12\/about-us4-150x150.webp 150w, https:\/\/dsgdentistry.com\/wp-content\/uploads\/2024\/12\/about-us4-260x260.webp 260w, https:\/\/dsgdentistry.com\/wp-content\/uploads\/2024\/12\/about-us4-100x100.webp 100w, https:\/\/dsgdentistry.com\/wp-content\/uploads\/2024\/12\/about-us4-10x10.webp 10w, https:\/\/dsgdentistry.com\/wp-content\/uploads\/2024\/12\/about-us4.webp 600w\" sizes=\"(max-width: 600px) 100vw, 600px\" \/>\t\t\t\t\t\t\t\t\t\t\t\t\t\t\t<\/div>\n\t\t\t\t<\/div>\n\t\t\t\t<\/div>\n\t\t\t\t<\/div>\n\t\t<div class=\"elementor-element elementor-element-c26908d e-con-full e-flex cmsmasters-block-default e-con e-child\" data-id=\"c26908d\" data-element_type=\"container\" data-e-type=\"container\">\n\t\t\t\t<div class=\"elementor-element elementor-element-c83c062 cmsmasters-block-default cmsmasters-sticky-default elementor-widget elementor-widget-image\" data-id=\"c83c062\" data-element_type=\"widget\" data-e-type=\"widget\" data-widget_type=\"image.default\">\n\t\t\t\t<div class=\"elementor-widget-container\">\n\t\t\t\t\t\t\t\t\t\t\t\t\t\t\t<img loading=\"lazy\" decoding=\"async\" width=\"1180\" height=\"1385\" src=\"https:\/\/dsgdentistry.com\/wp-content\/uploads\/2024\/12\/office-30x35.png\" class=\"attachment-full size-full wp-image-37179 cmsmasters_img cmsmasters-lazyload lazyload\" alt=\"\" data-sizes=\"(max-width: 1180px) 100vw, 1180px\" data-src=\"https:\/\/dsgdentistry.com\/wp-content\/uploads\/2024\/12\/office.png\" data-srcset=\"https:\/\/dsgdentistry.com\/wp-content\/uploads\/2024\/12\/office.png 1180w, https:\/\/dsgdentistry.com\/wp-content\/uploads\/2024\/12\/office-256x300.png 256w, https:\/\/dsgdentistry.com\/wp-content\/uploads\/2024\/12\/office-872x1024.png 872w, https:\/\/dsgdentistry.com\/wp-content\/uploads\/2024\/12\/office-768x901.png 768w, https:\/\/dsgdentistry.com\/wp-content\/uploads\/2024\/12\/office-600x704.png 600w, https:\/\/dsgdentistry.com\/wp-content\/uploads\/2024\/12\/office-30x35.png 30w, https:\/\/dsgdentistry.com\/wp-content\/uploads\/2024\/12\/office-9x10.png 9w\" srcset=\"https:\/\/dsgdentistry.com\/wp-content\/uploads\/2024\/12\/office-30x35.png 30w, https:\/\/dsgdentistry.com\/wp-content\/uploads\/2024\/12\/office-256x300.png 256w, https:\/\/dsgdentistry.com\/wp-content\/uploads\/2024\/12\/office-872x1024.png 872w, https:\/\/dsgdentistry.com\/wp-content\/uploads\/2024\/12\/office-768x901.png 768w, https:\/\/dsgdentistry.com\/wp-content\/uploads\/2024\/12\/office-600x704.png 600w, https:\/\/dsgdentistry.com\/wp-content\/uploads\/2024\/12\/office-9x10.png 9w, https:\/\/dsgdentistry.com\/wp-content\/uploads\/2024\/12\/office.png 1180w\" sizes=\"(max-width: 1180px) 100vw, 1180px\" \/>\t\t\t\t\t\t\t\t\t\t\t\t\t\t\t<\/div>\n\t\t\t\t<\/div>\n\t\t\t\t<\/div>\n\t\t\t\t\t<\/div>\n\t\t\t\t<\/div>\n\t\t<div class=\"elementor-element elementor-element-e1f03fd e-flex e-con-boxed cmsmasters-block-default e-con e-parent\" data-id=\"e1f03fd\" data-element_type=\"container\" data-e-type=\"container\">\n\t\t\t\t\t<div class=\"e-con-inner\">\n\t\t\t\t<div class=\"elementor-element elementor-element-b9159f4 cmsmasters-block-default cmsmasters-sticky-default elementor-widget elementor-widget-html\" data-id=\"b9159f4\" data-element_type=\"widget\" data-e-type=\"widget\" data-widget_type=\"html.default\">\n\t\t\t\t<div class=\"elementor-widget-container\">\n\t\t\t\t\t<a href=\"https:\/\/app.nexhealth.com\/appt\/dsg-dentistry?lid=324970\" target=\"_blank\" style=\"text-decoration: none;\" referrerpolicy=\"no-referrer-when-downgrade\"><img decoding=\"async\" alt=\"Book Now\" src=\"https:\/\/frontend.assets.nexhealth.com\/nexassets\/book-now-button\/button-black.svg\" style=\"border: 0; margin: 0.25em;\" \/><\/a><script src=\"https:\/\/frontend.assets.nexhealth.com\/scripts\/NexHealth.min.js\"><\/script>\t\t\t\t<\/div>\n\t\t\t\t<\/div>\n\t\t\t\t\t<\/div>\n\t\t\t\t<\/div>\n\t\t\t\t<\/div>","protected":false},"excerpt":{"rendered":"<p>About Us Why We are the Best Clinic? The ultimate dental health experience for your whole family in Coral Springs, Florida. Welcome to\u00a0DSG Dentistry Welcome to Our Clinic, where we are committed to providing exceptional dental care in a friendly and welcoming environment. Our clinic is founded on the principles of patient-centered care, where your&#8230;<\/p>","protected":false},"author":1,"featured_media":0,"parent":0,"menu_order":0,"comment_status":"closed","ping_status":"closed","template":"","meta":{"_acf_changed":false,"_monsterinsights_skip_tracking":false,"_monsterinsights_sitenote_active":false,"_monsterinsights_sitenote_note":"","_monsterinsights_sitenote_category":0,"footnotes":""},"class_list":["post-28474","page","type-page","status-publish","hentry"],"acf":[],"_links":{"self":[{"href":"https:\/\/dsgdentistry.com\/es\/wp-json\/wp\/v2\/pages\/28474","targetHints":{"allow":["GET"]}}],"collection":[{"href":"https:\/\/dsgdentistry.com\/es\/wp-json\/wp\/v2\/pages"}],"about":[{"href":"https:\/\/dsgdentistry.com\/es\/wp-json\/wp\/v2\/types\/page"}],"author":[{"embeddable":true,"href":"https:\/\/dsgdentistry.com\/es\/wp-json\/wp\/v2\/users\/1"}],"replies":[{"embeddable":true,"href":"https:\/\/dsgdentistry.com\/es\/wp-json\/wp\/v2\/comments?post=28474"}],"version-history":[{"count":65,"href":"https:\/\/dsgdentistry.com\/es\/wp-json\/wp\/v2\/pages\/28474\/revisions"}],"predecessor-version":[{"id":38307,"href":"https:\/\/dsgdentistry.com\/es\/wp-json\/wp\/v2\/pages\/28474\/revisions\/38307"}],"wp:attachment":[{"href":"https:\/\/dsgdentistry.com\/es\/wp-json\/wp\/v2\/media?parent=28474"}],"curies":[{"name":"wp","href":"https:\/\/api.w.org\/{rel}","templated":true}]}}