{"id":36452,"date":"2024-05-16T09:01:45","date_gmt":"2024-05-16T09:01:45","guid":{"rendered":"https:\/\/theme-dev.cmsmasters.net\/dentalist\/?page_id=27"},"modified":"2025-07-26T21:15:15","modified_gmt":"2025-07-26T21:15:15","slug":"contacts","status":"publish","type":"page","link":"https:\/\/dsgdentistry.com\/es\/contacts\/","title":{"rendered":"Contacts"},"content":{"rendered":"<div data-elementor-type=\"wp-page\" data-elementor-id=\"36452\" class=\"elementor elementor-36452\" data-elementor-post-type=\"page\">\n\t\t\t\t<div class=\"elementor-element elementor-element-1e9d3be e-flex e-con-boxed cmsmasters-bg-hide-none cmsmasters-bg-hide-none cmsmasters-block-default e-con e-parent\" data-id=\"1e9d3be\" data-element_type=\"container\" data-e-type=\"container\" data-settings=\"{&quot;background_background&quot;:&quot;classic&quot;}\">\n\t\t\t\t\t<div class=\"e-con-inner\">\n\t\t<div class=\"elementor-element elementor-element-9513723 e-flex e-con-boxed cmsmasters-block-default e-con e-child\" data-id=\"9513723\" data-element_type=\"container\" data-e-type=\"container\">\n\t\t\t\t\t<div class=\"e-con-inner\">\n\t\t\t\t<div class=\"elementor-element elementor-element-bbf615d cmsmasters-block-default cmsmasters-sticky-default elementor-widget elementor-widget-heading\" data-id=\"bbf615d\" data-element_type=\"widget\" data-e-type=\"widget\" data-widget_type=\"heading.default\">\n\t\t\t\t<div class=\"elementor-widget-container\">\n\t\t\t\t\t<h6 class=\"elementor-heading-title elementor-size-default\">Contacto<\/h6>\t\t\t\t<\/div>\n\t\t\t\t<\/div>\n\t\t\t\t<div class=\"elementor-element elementor-element-0074a0e cmsmasters-block-default cmsmasters-sticky-default elementor-widget elementor-widget-heading\" data-id=\"0074a0e\" data-element_type=\"widget\" data-e-type=\"widget\" data-widget_type=\"heading.default\">\n\t\t\t\t<div class=\"elementor-widget-container\">\n\t\t\t\t\t<h1 class=\"elementor-heading-title elementor-size-default\">Cont\u00e1ctanos f\u00e1cilmente en l\u00ednea, por tel\u00e9fono o vis\u00edtanos.<\/h1>\t\t\t\t<\/div>\n\t\t\t\t<\/div>\n\t\t<div class=\"elementor-element elementor-element-6a054ca e-flex e-con-boxed cmsmasters-block-default e-con e-child\" data-id=\"6a054ca\" data-element_type=\"container\" data-e-type=\"container\">\n\t\t\t\t\t<div class=\"e-con-inner\">\n\t\t\t\t<div class=\"elementor-element elementor-element-88d2ab8 cmsmasters-block-default cmsmasters-sticky-default elementor-widget elementor-widget-html\" data-id=\"88d2ab8\" data-element_type=\"widget\" data-e-type=\"widget\" data-widget_type=\"html.default\">\n\t\t\t\t<div class=\"elementor-widget-container\">\n\t\t\t\t\t<a href=\"https:\/\/app.nexhealth.com\/appt\/dsg-dentistry?lid=324970\" target=\"_blank\" style=\"text-decoration: none;\" referrerpolicy=\"no-referrer-when-downgrade\"><img decoding=\"async\" alt=\"Book Now\" src=\"https:\/\/frontend.assets.nexhealth.com\/nexassets\/book-now-button\/button-black.svg\" style=\"border: 0; margin: 0.25em;\" \/><\/a><script src=\"https:\/\/frontend.assets.nexhealth.com\/scripts\/NexHealth.min.js\"><\/script>\t\t\t\t<\/div>\n\t\t\t\t<\/div>\n\t\t\t\t<div class=\"elementor-element elementor-element-bc50746 cmsmasters-icon-arrangement-together cmsmasters-block-default cmsmasters-sticky-default elementor-widget elementor-widget-cmsmasters-button\" data-id=\"bc50746\" data-element_type=\"widget\" data-e-type=\"widget\" data-widget_type=\"cmsmasters-button.default\">\n\t\t\t\t<div class=\"elementor-widget-container\">\n\t\t\t\t\t<div class=\"elementor-widget-cmsmasters-button__button-container\"><div class=\"elementor-widget-cmsmasters-button__button-container-inner\"><a href=\"tel:+1%20754%20203%208808\" class=\"cmsmasters-button-link elementor-widget-cmsmasters-button__button cmsmasters-icon-view-framed cmsmasters-icon-shape-circle cmsmasters-button-size-sm\" role=\"button\"><span class=\"elementor-widget-cmsmasters-button__content-wrapper cmsmasters-align-icon-left\"><span class=\"elementor-widget-cmsmasters-button__icon\"><i aria-hidden=\"true\" class=\"cmsdemo-icon- cms-demo-icon-phone\"><\/i><\/span><span class=\"elementor-widget-cmsmasters-button__text\">Llamar:  +1  754  203  8808<\/span><\/span><\/a><\/div><\/div>\t\t\t\t<\/div>\n\t\t\t\t<\/div>\n\t\t\t\t\t<\/div>\n\t\t\t\t<\/div>\n\t\t\t\t\t<\/div>\n\t\t\t\t<\/div>\n\t\t<div class=\"elementor-element elementor-element-3d9fce0 e-flex e-con-boxed cmsmasters-block-default e-con e-child\" data-id=\"3d9fce0\" data-element_type=\"container\" data-e-type=\"container\">\n\t\t\t\t\t<div class=\"e-con-inner\">\n\t\t\t\t<div class=\"elementor-element elementor-element-be80cac cmsmasters-block-default cmsmasters-sticky-default elementor-widget elementor-widget-image\" data-id=\"be80cac\" data-element_type=\"widget\" data-e-type=\"widget\" data-widget_type=\"image.default\">\n\t\t\t\t<div class=\"elementor-widget-container\">\n\t\t\t\t\t\t\t\t\t\t\t\t\t\t\t<img fetchpriority=\"high\" decoding=\"async\" width=\"1180\" height=\"1435\" src=\"https:\/\/dsgdentistry.com\/wp-content\/uploads\/2024\/12\/1-30x36.png\" class=\"attachment-full size-full wp-image-36655 cmsmasters_img cmsmasters-lazyload lazyload\" alt=\"\" data-sizes=\"(max-width: 1180px) 100vw, 1180px\" data-src=\"https:\/\/dsgdentistry.com\/wp-content\/uploads\/2024\/12\/1.png\" data-srcset=\"https:\/\/dsgdentistry.com\/wp-content\/uploads\/2024\/12\/1.png 1180w, https:\/\/dsgdentistry.com\/wp-content\/uploads\/2024\/12\/1-600x730.png 600w, https:\/\/dsgdentistry.com\/wp-content\/uploads\/2024\/12\/1-247x300.png 247w, https:\/\/dsgdentistry.com\/wp-content\/uploads\/2024\/12\/1-842x1024.png 842w, https:\/\/dsgdentistry.com\/wp-content\/uploads\/2024\/12\/1-768x934.png 768w, https:\/\/dsgdentistry.com\/wp-content\/uploads\/2024\/12\/1-30x36.png 30w, https:\/\/dsgdentistry.com\/wp-content\/uploads\/2024\/12\/1-8x10.png 8w\" srcset=\"https:\/\/dsgdentistry.com\/wp-content\/uploads\/2024\/12\/1-30x36.png 30w, https:\/\/dsgdentistry.com\/wp-content\/uploads\/2024\/12\/1-600x730.png 600w, https:\/\/dsgdentistry.com\/wp-content\/uploads\/2024\/12\/1-247x300.png 247w, https:\/\/dsgdentistry.com\/wp-content\/uploads\/2024\/12\/1-842x1024.png 842w, https:\/\/dsgdentistry.com\/wp-content\/uploads\/2024\/12\/1-768x934.png 768w, https:\/\/dsgdentistry.com\/wp-content\/uploads\/2024\/12\/1-8x10.png 8w, https:\/\/dsgdentistry.com\/wp-content\/uploads\/2024\/12\/1.png 1180w\" sizes=\"(max-width: 1180px) 100vw, 1180px\" \/>\t\t\t\t\t\t\t\t\t\t\t\t\t\t\t<\/div>\n\t\t\t\t<\/div>\n\t\t\t\t<div class=\"elementor-element elementor-element-a3ff715 elementor-widget__width-initial elementor-absolute elementor-hidden-mobile cmsmasters-block-default cmsmasters-sticky-default elementor-widget elementor-widget-image\" data-id=\"a3ff715\" data-element_type=\"widget\" data-e-type=\"widget\" data-settings=\"{&quot;_position&quot;:&quot;absolute&quot;}\" data-widget_type=\"image.default\">\n\t\t\t\t<div class=\"elementor-widget-container\">\n\t\t\t\t\t\t\t\t\t\t\t\t\t\t\t<img decoding=\"async\" width=\"1024\" height=\"1024\" src=\"https:\/\/dsgdentistry.com\/wp-content\/uploads\/2024\/12\/58694-30x30.jpg\" class=\"attachment-large size-large wp-image-36727 cmsmasters_img cmsmasters-lazyload lazyload\" alt=\"\" data-sizes=\"(max-width: 1024px) 100vw, 1024px\" data-src=\"https:\/\/dsgdentistry.com\/wp-content\/uploads\/2024\/12\/58694-1024x1024.jpg\" data-srcset=\"https:\/\/dsgdentistry.com\/wp-content\/uploads\/2024\/12\/58694-1024x1024.jpg 1024w, https:\/\/dsgdentistry.com\/wp-content\/uploads\/2024\/12\/58694-300x300.jpg 300w, https:\/\/dsgdentistry.com\/wp-content\/uploads\/2024\/12\/58694-150x150.jpg 150w, https:\/\/dsgdentistry.com\/wp-content\/uploads\/2024\/12\/58694-768x768.jpg 768w, https:\/\/dsgdentistry.com\/wp-content\/uploads\/2024\/12\/58694-260x260.jpg 260w, https:\/\/dsgdentistry.com\/wp-content\/uploads\/2024\/12\/58694-600x600.jpg 600w, https:\/\/dsgdentistry.com\/wp-content\/uploads\/2024\/12\/58694-100x100.jpg 100w, https:\/\/dsgdentistry.com\/wp-content\/uploads\/2024\/12\/58694-30x30.jpg 30w, https:\/\/dsgdentistry.com\/wp-content\/uploads\/2024\/12\/58694-10x10.jpg 10w, https:\/\/dsgdentistry.com\/wp-content\/uploads\/2024\/12\/58694.jpg 1500w\" srcset=\"https:\/\/dsgdentistry.com\/wp-content\/uploads\/2024\/12\/58694-30x30.jpg 30w, https:\/\/dsgdentistry.com\/wp-content\/uploads\/2024\/12\/58694-300x300.jpg 300w, https:\/\/dsgdentistry.com\/wp-content\/uploads\/2024\/12\/58694-1024x1024.jpg 1024w, https:\/\/dsgdentistry.com\/wp-content\/uploads\/2024\/12\/58694-150x150.jpg 150w, https:\/\/dsgdentistry.com\/wp-content\/uploads\/2024\/12\/58694-768x768.jpg 768w, https:\/\/dsgdentistry.com\/wp-content\/uploads\/2024\/12\/58694-260x260.jpg 260w, https:\/\/dsgdentistry.com\/wp-content\/uploads\/2024\/12\/58694-600x600.jpg 600w, https:\/\/dsgdentistry.com\/wp-content\/uploads\/2024\/12\/58694-100x100.jpg 100w, https:\/\/dsgdentistry.com\/wp-content\/uploads\/2024\/12\/58694-10x10.jpg 10w, https:\/\/dsgdentistry.com\/wp-content\/uploads\/2024\/12\/58694.jpg 1500w\" sizes=\"(max-width: 1024px) 100vw, 1024px\" \/>\t\t\t\t\t\t\t\t\t\t\t\t\t\t\t<\/div>\n\t\t\t\t<\/div>\n\t\t\t\t\t<\/div>\n\t\t\t\t<\/div>\n\t\t\t\t\t<\/div>\n\t\t\t\t<\/div>\n\t\t<div class=\"elementor-element elementor-element-7c482df e-flex e-con-boxed cmsmasters-block-default e-con e-parent\" data-id=\"7c482df\" data-element_type=\"container\" data-e-type=\"container\">\n\t\t\t\t\t<div class=\"e-con-inner\">\n\t\t<div class=\"elementor-element elementor-element-e3ab44d e-con-full e-flex cmsmasters-block-default e-con e-child\" data-id=\"e3ab44d\" data-element_type=\"container\" data-e-type=\"container\">\n\t\t\t\t<div class=\"elementor-element elementor-element-ce6774a elementor-widget__width-initial cmsmasters-block-default cmsmasters-sticky-default elementor-widget elementor-widget-heading\" data-id=\"ce6774a\" data-element_type=\"widget\" data-e-type=\"widget\" data-widget_type=\"heading.default\">\n\t\t\t\t<div class=\"elementor-widget-container\">\n\t\t\t\t\t<h2 class=\"elementor-heading-title elementor-size-default\">Datos de Contacto<\/h2>\t\t\t\t<\/div>\n\t\t\t\t<\/div>\n\t\t\t\t<div class=\"elementor-element elementor-element-7dbf9ca cmsmasters-block-default cmsmasters-sticky-default elementor-widget elementor-widget-heading\" data-id=\"7dbf9ca\" data-element_type=\"widget\" data-e-type=\"widget\" data-widget_type=\"heading.default\">\n\t\t\t\t<div class=\"elementor-widget-container\">\n\t\t\t\t\t<p class=\"elementor-heading-title elementor-size-default\">Conoce m\u00e1s sobre nuestra cl\u00ednica y nuestros doctores, y descubre por qu\u00e9 tantas familias de nuestra comunidad conf\u00edan en nosotros.<\/p>\t\t\t\t<\/div>\n\t\t\t\t<\/div>\n\t\t<div class=\"elementor-element elementor-element-b838961 e-flex e-con-boxed cmsmasters-block-default e-con e-child\" data-id=\"b838961\" data-element_type=\"container\" data-e-type=\"container\">\n\t\t\t\t\t<div class=\"e-con-inner\">\n\t\t<div class=\"elementor-element elementor-element-282471d e-con-full e-flex cmsmasters-block-default e-con e-child\" data-id=\"282471d\" data-element_type=\"container\" data-e-type=\"container\">\n\t\t\t\t<div class=\"elementor-element elementor-element-41b5eda cmsmasters-block-default cmsmasters-sticky-default elementor-widget elementor-widget-heading\" data-id=\"41b5eda\" data-element_type=\"widget\" data-e-type=\"widget\" data-widget_type=\"heading.default\">\n\t\t\t\t<div class=\"elementor-widget-container\">\n\t\t\t\t\t<div class=\"elementor-heading-title elementor-size-default\">Direcci\u00f3n:<\/div>\t\t\t\t<\/div>\n\t\t\t\t<\/div>\n\t\t\t\t<div class=\"elementor-element elementor-element-036966d cmsmasters-block-default cmsmasters-sticky-default elementor-widget elementor-widget-text-editor\" data-id=\"036966d\" data-element_type=\"widget\" data-e-type=\"widget\" data-widget_type=\"text-editor.default\">\n\t\t\t\t<div class=\"elementor-widget-container\">\n\t\t\t\t\t\t\t\t\t5693 Coral Ridge Dr. Coral Springs <br>FL 33076, United States\t\t\t\t\t\t\t\t<\/div>\n\t\t\t\t<\/div>\n\t\t\t\t<\/div>\n\t\t<div class=\"elementor-element elementor-element-29770cd e-con-full e-flex cmsmasters-block-default e-con e-child\" data-id=\"29770cd\" data-element_type=\"container\" data-e-type=\"container\">\n\t\t\t\t<div class=\"elementor-element elementor-element-c108f7d cmsmasters-block-default cmsmasters-sticky-default elementor-widget elementor-widget-heading\" data-id=\"c108f7d\" data-element_type=\"widget\" data-e-type=\"widget\" data-widget_type=\"heading.default\">\n\t\t\t\t<div class=\"elementor-widget-container\">\n\t\t\t\t\t<div class=\"elementor-heading-title elementor-size-default\">Horarios:<\/div>\t\t\t\t<\/div>\n\t\t\t\t<\/div>\n\t\t\t\t<div class=\"elementor-element elementor-element-c2d73c5 cmsmasters-block-default cmsmasters-sticky-default elementor-widget elementor-widget-text-editor\" data-id=\"c2d73c5\" data-element_type=\"widget\" data-e-type=\"widget\" data-widget_type=\"text-editor.default\">\n\t\t\t\t<div class=\"elementor-widget-container\">\n\t\t\t\t\t\t\t\t\t<p><strong>Lunes &amp; Viernes<\/strong>: <br \/>9 am &#8211; 7 pm<\/p><p><strong>Martes &amp; S\u00e1bado<\/strong> <br \/>9 am &#8211; 2:30 pm<\/p><p><strong>Jueves &amp; Viernes<\/strong>: <br \/>9 am -6 pm<\/p>\t\t\t\t\t\t\t\t<\/div>\n\t\t\t\t<\/div>\n\t\t\t\t<\/div>\n\t\t\t\t\t<\/div>\n\t\t\t\t<\/div>\n\t\t\t\t<\/div>\n\t\t<div class=\"elementor-element elementor-element-a82dc15 e-con-full e-flex cmsmasters-block-default e-con e-child\" data-id=\"a82dc15\" data-element_type=\"container\" data-e-type=\"container\">\n\t\t\t\t<div class=\"elementor-element elementor-element-7dfad70 cmsmasters-block-default cmsmasters-sticky-default elementor-widget elementor-widget-google_maps\" data-id=\"7dfad70\" data-element_type=\"widget\" data-e-type=\"widget\" data-widget_type=\"google_maps.default\">\n\t\t\t\t<div class=\"elementor-widget-container\">\n\t\t\t\t\t\t\t<div class=\"elementor-custom-embed\">\n\t\t\t<iframe loading=\"lazy\"\n\t\t\t\t\tsrc=\"https:\/\/maps.google.com\/maps?q=DSG%20Dentistry%20Florida&#038;t=m&#038;z=12&#038;output=embed&#038;iwloc=near\"\n\t\t\t\t\ttitle=\"DSG Dentistry Florida\"\n\t\t\t\t\taria-label=\"DSG Dentistry Florida\"\n\t\t\t><\/iframe>\n\t\t<\/div>\n\t\t\t\t\t\t<\/div>\n\t\t\t\t<\/div>\n\t\t\t\t<\/div>\n\t\t\t\t\t<\/div>\n\t\t\t\t<\/div>\n\t\t<div class=\"elementor-element elementor-element-c2e80ea e-flex e-con-boxed cmsmasters-block-default e-con e-parent\" data-id=\"c2e80ea\" data-element_type=\"container\" data-e-type=\"container\">\n\t\t\t\t\t<div class=\"e-con-inner\">\n\t\t<div class=\"elementor-element elementor-element-ce919db e-con-full e-flex cmsmasters-block-default e-con e-child\" data-id=\"ce919db\" data-element_type=\"container\" data-e-type=\"container\">\n\t\t\t\t<div class=\"elementor-element elementor-element-95192f3 cmsmasters-block-default cmsmasters-sticky-default elementor-widget elementor-widget-image\" data-id=\"95192f3\" data-element_type=\"widget\" data-e-type=\"widget\" data-widget_type=\"image.default\">\n\t\t\t\t<div class=\"elementor-widget-container\">\n\t\t\t\t\t\t\t\t\t\t\t\t\t\t\t<img decoding=\"async\" width=\"1333\" height=\"2000\" src=\"https:\/\/dsgdentistry.com\/wp-content\/uploads\/2024\/12\/113842-30x45.webp\" class=\"attachment-full size-full wp-image-37369 cmsmasters_img cmsmasters-lazyload lazyload\" alt=\"\" data-sizes=\"(max-width: 1333px) 100vw, 1333px\" data-src=\"https:\/\/dsgdentistry.com\/wp-content\/uploads\/2024\/12\/113842.webp\" data-srcset=\"https:\/\/dsgdentistry.com\/wp-content\/uploads\/2024\/12\/113842.webp 1333w, https:\/\/dsgdentistry.com\/wp-content\/uploads\/2024\/12\/113842-200x300.webp 200w, https:\/\/dsgdentistry.com\/wp-content\/uploads\/2024\/12\/113842-682x1024.webp 682w, https:\/\/dsgdentistry.com\/wp-content\/uploads\/2024\/12\/113842-768x1152.webp 768w, https:\/\/dsgdentistry.com\/wp-content\/uploads\/2024\/12\/113842-1024x1536.webp 1024w, https:\/\/dsgdentistry.com\/wp-content\/uploads\/2024\/12\/113842-600x900.webp 600w, https:\/\/dsgdentistry.com\/wp-content\/uploads\/2024\/12\/113842-30x45.webp 30w, https:\/\/dsgdentistry.com\/wp-content\/uploads\/2024\/12\/113842-7x10.webp 7w\" srcset=\"https:\/\/dsgdentistry.com\/wp-content\/uploads\/2024\/12\/113842-30x45.webp 30w, https:\/\/dsgdentistry.com\/wp-content\/uploads\/2024\/12\/113842-200x300.webp 200w, https:\/\/dsgdentistry.com\/wp-content\/uploads\/2024\/12\/113842-682x1024.webp 682w, https:\/\/dsgdentistry.com\/wp-content\/uploads\/2024\/12\/113842-768x1152.webp 768w, https:\/\/dsgdentistry.com\/wp-content\/uploads\/2024\/12\/113842-1024x1536.webp 1024w, https:\/\/dsgdentistry.com\/wp-content\/uploads\/2024\/12\/113842-600x900.webp 600w, https:\/\/dsgdentistry.com\/wp-content\/uploads\/2024\/12\/113842-7x10.webp 7w, https:\/\/dsgdentistry.com\/wp-content\/uploads\/2024\/12\/113842.webp 1333w\" sizes=\"(max-width: 1333px) 100vw, 1333px\" \/>\t\t\t\t\t\t\t\t\t\t\t\t\t\t\t<\/div>\n\t\t\t\t<\/div>\n\t\t\t\t<\/div>\n\t\t<div class=\"elementor-element elementor-element-67a7d67 e-con-full e-flex cmsmasters-block-default e-con e-child\" data-id=\"67a7d67\" data-element_type=\"container\" data-e-type=\"container\">\n\t\t\t\t<div class=\"elementor-element elementor-element-8b960af cmsmasters-block-default cmsmasters-sticky-default elementor-widget elementor-widget-heading\" data-id=\"8b960af\" data-element_type=\"widget\" data-e-type=\"widget\" data-widget_type=\"heading.default\">\n\t\t\t\t<div class=\"elementor-widget-container\">\n\t\t\t\t\t<h2 class=\"elementor-heading-title elementor-size-default\">D\u00e9janos tus Inquietudes<\/h2>\t\t\t\t<\/div>\n\t\t\t\t<\/div>\n\t\t\t\t<div class=\"elementor-element elementor-element-ed32c40 cmsmasters-block-default cmsmasters-sticky-default elementor-widget elementor-widget-text-editor\" data-id=\"ed32c40\" data-element_type=\"widget\" data-e-type=\"widget\" data-widget_type=\"text-editor.default\">\n\t\t\t\t<div class=\"elementor-widget-container\">\n\t\t\t\t\t\t\t\t\t<p>Si tienes alguna pregunta, puedes contactarnos. Por favor, completa el formulario a continuaci\u00f3n.<\/p>\t\t\t\t\t\t\t\t<\/div>\n\t\t\t\t<\/div>\n\t\t\t\t<div class=\"elementor-element elementor-element-e0afa70 cmsmasters-block-default cmsmasters-sticky-default elementor-widget elementor-widget-cmsmasters-forminator\" data-id=\"e0afa70\" data-element_type=\"widget\" data-e-type=\"widget\" data-settings=\"{&quot;form_list&quot;:&quot;51&quot;}\" data-widget_type=\"cmsmasters-forminator.default\">\n\t\t\t\t<div class=\"elementor-widget-container\">\n\t\t\t\t\t<div class=\"elementor-widget-cmsmasters-contact-form__wrapper elementor-widget-cmsmasters-contact-form cmsmasters-default-color cmsmasters-default-font\" id=\"cmsmasters-widget-form-e0afa70\">\n\t\t\t<div class=\"elementor-widget-cmsmasters-contact-form__inner\"><div class=\"forminator-ui forminator-custom-form forminator-custom-form-51 forminator-design--default forminator-custom forminator_ajax\" data-forminator-render=\"0\" data-form=\"forminator-module-51\" data-uid=\"69e785d1af354\"><br\/><\/div><form\n\t\t\t\tid=\"forminator-module-51\"\n\t\t\t\tclass=\"forminator-ui forminator-custom-form forminator-custom-form-51 forminator-design--default forminator-custom forminator_ajax\"\n\t\t\t\tmethod=\"post\"\n\t\t\t\tdata-forminator-render=\"0\"\n\t\t\t\tdata-form-id=\"51\"\n\t\t\t\t data-color-option=\"default\" data-design=\"default\" data-grid=\"custom\" style=\"display: none;\"\n\t\t\t\tdata-uid=\"69e785d1af354\" action=\"\"\n\t\t\t><div role=\"alert\" aria-live=\"polite\" class=\"forminator-response-message forminator-error\" aria-hidden=\"true\"><\/div><div class=\"forminator-row\"><div id=\"name-1\" class=\"forminator-field-name forminator-col forminator-col-6\"><div class=\"forminator-field\"><label for=\"forminator-field-name-1_69e785d1af354\" id=\"forminator-field-name-1_69e785d1af354-label\" class=\"forminator-label\">Nombre<\/label><input type=\"text\" name=\"name-1\" value=\"\" placeholder=\"\" id=\"forminator-field-name-1_69e785d1af354\" class=\"forminator-input forminator-name--field\" aria-required=\"false\" autocomplete=\"name\" \/><\/div><\/div><div id=\"email-1\" class=\"forminator-field-email forminator-col forminator-col-6\"><div class=\"forminator-field\"><label for=\"forminator-field-email-1_69e785d1af354\" id=\"forminator-field-email-1_69e785d1af354-label\" class=\"forminator-label\">Correo Electr\u00f3nico<\/label><input type=\"email\" name=\"email-1\" value=\"\" placeholder=\"\" id=\"forminator-field-email-1_69e785d1af354\" class=\"forminator-input forminator-email--field\" data-required=\"\" aria-required=\"false\" autocomplete=\"email\" \/><\/div><\/div><\/div><div class=\"forminator-row\"><div id=\"textarea-1\" class=\"forminator-field-textarea forminator-col forminator-col-12\"><div class=\"forminator-field\"><label for=\"forminator-field-textarea-1_69e785d1af354\" id=\"forminator-field-textarea-1_69e785d1af354-label\" class=\"forminator-label\">Mensaje<\/label><textarea name=\"textarea-1\" placeholder=\"\" id=\"forminator-field-textarea-1_69e785d1af354\" class=\"forminator-textarea\" rows=\"6\" style=\"--forminator-textarea-min-height:140px;\" ><\/textarea><\/div><\/div><\/div><input type=\"hidden\" name=\"referer_url\" value=\"\" \/><div class=\"forminator-row forminator-row-last\"><div class=\"forminator-col\"><div class=\"forminator-field\"><button class=\"forminator-button forminator-button-submit\">Enviar Mensaje<\/button><\/div><\/div><\/div><input type=\"hidden\" id=\"forminator_nonce\" name=\"forminator_nonce\" value=\"272c4e5396\" \/><input type=\"hidden\" name=\"_wp_http_referer\" value=\"\/es\/wp-json\/wp\/v2\/pages\/36452\" \/><input type=\"hidden\" name=\"form_id\" value=\"51\"><input type=\"hidden\" name=\"page_id\" value=\"36452\"><input type=\"hidden\" name=\"form_type\" value=\"default\"><input type=\"hidden\" name=\"current_url\" value=\"https:\/\/dsgdentistry.com\/es\/contacts\/\"><input type=\"hidden\" name=\"render_id\" value=\"0\"><input type=\"hidden\" name=\"action\" value=\"forminator_submit_form_custom-forms\"><label for=\"input_4\" class=\"forminator-hidden\" aria-hidden=\"true\">Por favor, no rellenes este campo. <input id=\"input_4\" type=\"text\" name=\"input_4\" value=\"\" autocomplete=\"off\"><\/label><input type=\"hidden\" name=\"trp-form-language\" value=\"es\"\/><\/form><\/div>\n\t\t<\/div>\t\t\t\t<\/div>\n\t\t\t\t<\/div>\n\t\t\t\t<\/div>\n\t\t\t\t\t<\/div>\n\t\t\t\t<\/div>\n\t\t\t\t<\/div>","protected":false},"excerpt":{"rendered":"<p>Contact Us Contact Us Easily Online, by Phone or by Dropping In Call: +1 754 203 8808 Contact Information Learn more about our clinic and doctors and why they are trusted by so many families in our community. Address: 5693 Coral Ridge Dr. Coral Springs FL 33076, United States Service Times: Monday &amp; Wednesday: 9&#8230;<\/p>","protected":false},"author":1,"featured_media":0,"parent":0,"menu_order":0,"comment_status":"closed","ping_status":"closed","template":"","meta":{"_acf_changed":false,"_monsterinsights_skip_tracking":false,"_monsterinsights_sitenote_active":false,"_monsterinsights_sitenote_note":"","_monsterinsights_sitenote_category":0,"footnotes":""},"class_list":["post-36452","page","type-page","status-publish","hentry"],"acf":[],"_links":{"self":[{"href":"https:\/\/dsgdentistry.com\/es\/wp-json\/wp\/v2\/pages\/36452","targetHints":{"allow":["GET"]}}],"collection":[{"href":"https:\/\/dsgdentistry.com\/es\/wp-json\/wp\/v2\/pages"}],"about":[{"href":"https:\/\/dsgdentistry.com\/es\/wp-json\/wp\/v2\/types\/page"}],"author":[{"embeddable":true,"href":"https:\/\/dsgdentistry.com\/es\/wp-json\/wp\/v2\/users\/1"}],"replies":[{"embeddable":true,"href":"https:\/\/dsgdentistry.com\/es\/wp-json\/wp\/v2\/comments?post=36452"}],"version-history":[{"count":56,"href":"https:\/\/dsgdentistry.com\/es\/wp-json\/wp\/v2\/pages\/36452\/revisions"}],"predecessor-version":[{"id":38289,"href":"https:\/\/dsgdentistry.com\/es\/wp-json\/wp\/v2\/pages\/36452\/revisions\/38289"}],"wp:attachment":[{"href":"https:\/\/dsgdentistry.com\/es\/wp-json\/wp\/v2\/media?parent=36452"}],"curies":[{"name":"wp","href":"https:\/\/api.w.org\/{rel}","templated":true}]}}