{"id":37727,"date":"2024-12-22T16:56:56","date_gmt":"2024-12-22T16:56:56","guid":{"rendered":"https:\/\/dsgdentistry.com\/?page_id=37727"},"modified":"2024-12-22T23:12:51","modified_gmt":"2024-12-22T23:12:51","slug":"disclaimer","status":"publish","type":"page","link":"https:\/\/dsgdentistry.com\/es\/disclaimer\/","title":{"rendered":"Aviso Legal"},"content":{"rendered":"<div data-elementor-type=\"wp-page\" data-elementor-id=\"37727\" class=\"elementor elementor-37727\" data-elementor-post-type=\"page\">\n\t\t\t\t<div class=\"elementor-element elementor-element-4390972 e-flex e-con-boxed cmsmasters-block-default e-con e-parent\" data-id=\"4390972\" data-element_type=\"container\" data-e-type=\"container\">\n\t\t\t\t\t<div class=\"e-con-inner\">\n\t\t\t\t<div class=\"elementor-element elementor-element-fde2445 elementor-widget-divider--view-line cmsmasters-block-default cmsmasters-sticky-default elementor-widget elementor-widget-divider\" data-id=\"fde2445\" data-element_type=\"widget\" data-e-type=\"widget\" data-widget_type=\"divider.default\">\n\t\t\t\t<div class=\"elementor-widget-container\">\n\t\t\t\t\t\t\t<div class=\"elementor-divider\">\n\t\t\t<span class=\"elementor-divider-separator\">\n\t\t\t\t\t\t<\/span>\n\t\t<\/div>\n\t\t\t\t\t\t<\/div>\n\t\t\t\t<\/div>\n\t\t\t\t<div class=\"elementor-element elementor-element-5303aac cmsmasters-line-clamp-no cmsmasters-color-variation-default cmsmasters-pointer-none cmsmasters-block-default cmsmasters-sticky-default elementor-widget elementor-widget-cmsmasters-title cmsmasters-widget-title\" data-id=\"5303aac\" data-element_type=\"widget\" data-e-type=\"widget\" data-widget_type=\"cmsmasters-title.default\">\n\t\t\t\t<div class=\"elementor-widget-container\">\n\t\t\t\t\t<h4 class=\"cmsmasters-widget-title__heading\">Aviso Legal<\/h4>\t\t\t\t<\/div>\n\t\t\t\t<\/div>\n\t\t\t\t\t<\/div>\n\t\t\t\t<\/div>\n\t\t<div class=\"elementor-element elementor-element-9d2171e e-flex e-con-boxed cmsmasters-block-default e-con e-parent\" data-id=\"9d2171e\" data-element_type=\"container\" data-e-type=\"container\">\n\t\t\t\t\t<div class=\"e-con-inner\">\n\t\t\t\t<div class=\"elementor-element elementor-element-ccd6ac3 cmsmasters-block-default cmsmasters-sticky-default elementor-widget elementor-widget-text-editor\" data-id=\"ccd6ac3\" data-element_type=\"widget\" data-e-type=\"widget\" data-widget_type=\"text-editor.default\">\n\t\t\t\t<div class=\"elementor-widget-container\">\n\t\t\t\t\t\t\t\t\t<p><strong>Informaci\u00f3n M\u00e9dica<\/strong><br \/>La informaci\u00f3n proporcionada en el sitio web de <strong>DSG Dentistry<\/strong> tiene fines informativos y educativos generales. No sustituye el asesoramiento, diagn\u00f3stico o tratamiento dental profesional. Siempre consulta a tu dentista u otro proveedor de atenci\u00f3n m\u00e9dica calificado para cualquier pregunta relacionada con una condici\u00f3n dental. Nunca ignores el consejo profesional ni retrases la b\u00fasqueda de tratamiento debido a algo que hayas le\u00eddo en este sitio web.<\/p><p><strong>Precisi\u00f3n de la Informaci\u00f3n<\/strong><br \/>Aunque hacemos todo lo posible por proporcionar informaci\u00f3n precisa y actualizada, DSG Dentistry no garantiza, de manera expl\u00edcita o impl\u00edcita, la integridad, exactitud, fiabilidad o idoneidad de la informaci\u00f3n contenida en este sitio web o en los enlaces a los que este sitio hace referencia. Cualquier confianza que deposites en dicha informaci\u00f3n es bajo tu propio riesgo.<\/p><p><strong>Enlaces a Terceros<\/strong><br \/>Este sitio web puede contener enlaces a sitios web externos que no est\u00e1n afiliados con DSG Dentistry. No respaldamos el contenido ni las pr\u00e1cticas de estos sitios de terceros y no somos responsables de su contenido. Visitar estos sitios queda bajo tu propio criterio y riesgo.<\/p><p><strong>Sin Garant\u00edas<\/strong><br \/>Los resultados de los procedimientos dentales pueden variar de un paciente a otro. Las im\u00e1genes y testimonios proporcionados en este sitio son \u00fanicamente ilustrativos y no constituyen una garant\u00eda de resultados.<\/p><p><strong>Problemas Dentales Urgentes<\/strong><br \/>Si est\u00e1s experimentando una emergencia dental, por favor contacta nuestra oficina de inmediato o busca atenci\u00f3n urgente en el centro de salud m\u00e1s cercano.<\/p><p><strong>Contacto<\/strong><br \/>Si tienes preguntas o inquietudes acerca de este aviso legal, no dudes en comunicarte con nosotros al correo electr\u00f3nico <a href=\"mailto:dentalinfo@dsgdentistry.com\">dentalinfo@dsgdentistry.com<\/a> \u00f3 llamarnos al tel\u00e9fono <a href=\"tel:+17542038808\">+1 (754) 203-8808<\/a>.<\/p>\t\t\t\t\t\t\t\t<\/div>\n\t\t\t\t<\/div>\n\t\t\t\t\t<\/div>\n\t\t\t\t<\/div>\n\t\t\t\t<\/div>","protected":false},"excerpt":{"rendered":"<p>Disclaimer Medical InformationThe information provided on the DSG Dentistry website is intended for general informational and educational purposes only. It is not a substitute for professional dental advice, diagnosis, or treatment. Always seek the advice of your dentist or other qualified healthcare provider with any questions you may have regarding a dental condition. Never disregard&#8230;<\/p>","protected":false},"author":1,"featured_media":0,"parent":0,"menu_order":0,"comment_status":"closed","ping_status":"closed","template":"","meta":{"_acf_changed":false,"_monsterinsights_skip_tracking":false,"_monsterinsights_sitenote_active":false,"_monsterinsights_sitenote_note":"","_monsterinsights_sitenote_category":0,"footnotes":""},"class_list":["post-37727","page","type-page","status-publish","hentry"],"acf":[],"_links":{"self":[{"href":"https:\/\/dsgdentistry.com\/es\/wp-json\/wp\/v2\/pages\/37727","targetHints":{"allow":["GET"]}}],"collection":[{"href":"https:\/\/dsgdentistry.com\/es\/wp-json\/wp\/v2\/pages"}],"about":[{"href":"https:\/\/dsgdentistry.com\/es\/wp-json\/wp\/v2\/types\/page"}],"author":[{"embeddable":true,"href":"https:\/\/dsgdentistry.com\/es\/wp-json\/wp\/v2\/users\/1"}],"replies":[{"embeddable":true,"href":"https:\/\/dsgdentistry.com\/es\/wp-json\/wp\/v2\/comments?post=37727"}],"version-history":[{"count":13,"href":"https:\/\/dsgdentistry.com\/es\/wp-json\/wp\/v2\/pages\/37727\/revisions"}],"predecessor-version":[{"id":37750,"href":"https:\/\/dsgdentistry.com\/es\/wp-json\/wp\/v2\/pages\/37727\/revisions\/37750"}],"wp:attachment":[{"href":"https:\/\/dsgdentistry.com\/es\/wp-json\/wp\/v2\/media?parent=37727"}],"curies":[{"name":"wp","href":"https:\/\/api.w.org\/{rel}","templated":true}]}}