{"id":37739,"date":"2024-12-22T17:12:18","date_gmt":"2024-12-22T17:12:18","guid":{"rendered":"https:\/\/dsgdentistry.com\/?page_id=37739"},"modified":"2025-01-13T22:29:33","modified_gmt":"2025-01-13T22:29:33","slug":"hipaa-privacy-notice","status":"publish","type":"page","link":"https:\/\/dsgdentistry.com\/es\/hipaa-privacy-notice\/","title":{"rendered":"Aviso de Privacidad HIPAA"},"content":{"rendered":"<div data-elementor-type=\"wp-page\" data-elementor-id=\"37739\" class=\"elementor elementor-37739\" data-elementor-post-type=\"page\">\n\t\t\t\t<div class=\"elementor-element elementor-element-4f6c178 e-flex e-con-boxed cmsmasters-block-default e-con e-parent\" data-id=\"4f6c178\" data-element_type=\"container\" data-e-type=\"container\">\n\t\t\t\t\t<div class=\"e-con-inner\">\n\t\t\t\t<div class=\"elementor-element elementor-element-6844fbe elementor-widget-divider--view-line cmsmasters-block-default cmsmasters-sticky-default elementor-widget elementor-widget-divider\" data-id=\"6844fbe\" data-element_type=\"widget\" data-e-type=\"widget\" data-widget_type=\"divider.default\">\n\t\t\t\t<div class=\"elementor-widget-container\">\n\t\t\t\t\t\t\t<div class=\"elementor-divider\">\n\t\t\t<span class=\"elementor-divider-separator\">\n\t\t\t\t\t\t<\/span>\n\t\t<\/div>\n\t\t\t\t\t\t<\/div>\n\t\t\t\t<\/div>\n\t\t\t\t\t<\/div>\n\t\t\t\t<\/div>\n\t\t<div class=\"elementor-element elementor-element-db16dcc e-flex e-con-boxed cmsmasters-block-default e-con e-parent\" data-id=\"db16dcc\" data-element_type=\"container\" data-e-type=\"container\">\n\t\t\t\t\t<div class=\"e-con-inner\">\n\t\t\t\t<div class=\"elementor-element elementor-element-ba59a7b cmsmasters-line-clamp-no cmsmasters-color-variation-default cmsmasters-pointer-none cmsmasters-block-default cmsmasters-sticky-default elementor-widget elementor-widget-cmsmasters-title cmsmasters-widget-title\" data-id=\"ba59a7b\" data-element_type=\"widget\" data-e-type=\"widget\" data-widget_type=\"cmsmasters-title.default\">\n\t\t\t\t<div class=\"elementor-widget-container\">\n\t\t\t\t\t<h4 class=\"cmsmasters-widget-title__heading\">Aviso de Privacidad HIPAA<\/h4>\t\t\t\t<\/div>\n\t\t\t\t<\/div>\n\t\t\t\t\t<\/div>\n\t\t\t\t<\/div>\n\t\t<div class=\"elementor-element elementor-element-0505900 e-flex e-con-boxed cmsmasters-block-default e-con e-parent\" data-id=\"0505900\" data-element_type=\"container\" data-e-type=\"container\">\n\t\t\t\t\t<div class=\"e-con-inner\">\n\t\t\t\t<div class=\"elementor-element elementor-element-b458c2b cmsmasters-block-default cmsmasters-sticky-default elementor-widget elementor-widget-text-editor\" data-id=\"b458c2b\" data-element_type=\"widget\" data-e-type=\"widget\" data-widget_type=\"text-editor.default\">\n\t\t\t\t<div class=\"elementor-widget-container\">\n\t\t\t\t\t\t\t\t\t<p><strong>Fecha de Vigencia:<\/strong> 10 de diciembre de 2024<\/p><p><strong>DSG Dentistry<\/strong> (la \"<u><span class=\"_yext-default-richtextv2-theme__textUnderline_pe4jj_1\">pr\u00e1ctica<\/span><\/u>,\u201d \u201c<u><span class=\"_yext-default-richtextv2-theme__textUnderline_pe4jj_1\">nosotros<\/span><\/u>\"o\"<u><span class=\"_yext-default-richtextv2-theme__textUnderline_pe4jj_1\">nuestro<\/span><\/u>\") estamos comprometidos a proteger la privacidad de los usuarios del sitio web ubicado en www.dsgdentistry.com o cualquier sitio web que sea propiedad, operado, licenciado o controlado por nosotros (el \u201cSitio\u201d). Este Aviso de Privacidad describe c\u00f3mo recopilamos, utilizamos y divulgamos informaci\u00f3n sobre ti. Aplica \u00fanicamente a la informaci\u00f3n recopilada a trav\u00e9s del Sitio. <a href=\"https:\/\/dsgdentistry.com\/es\/\">www.dsgdentistry.com<\/a> u otros sitio web de propiedad, operado, licenciado o controlado por nosotros (\"el<u><span class=\"_yext-default-richtextv2-theme__textUnderline_pe4jj_1\">sitio<\/span><\/u>\"). Este Aviso de Privacidad describe c\u00f3mo recopilamos, utilizamos y divulgamos informaci\u00f3n sobre ti. Aplica \u00fanicamente a la informaci\u00f3n recopilada a trav\u00e9s del Sitio.<\/p><p class=\"_yext-default-richtextv2-theme__paragraph_pe4jj_1\" dir=\"ltr\">Este Aviso de Privacidad no abarca la informaci\u00f3n personal que nos proporcionas en otros contextos (por ejemplo, a trav\u00e9s de una relaci\u00f3n comercial fuera del Sitio). Este Aviso de Privacidad complementa, pero no reemplaza, nuestro Aviso de Pr\u00e1cticas de Privacidad, que explica c\u00f3mo usamos y divulgamos tu informaci\u00f3n de salud protegida (\u201cPHI\u201d) bajo la Ley de Portabilidad y Responsabilidad de Seguros de Salud de 1996 y sus regulaciones, enmendadas (\u201cHIPAA\u201d). En caso de conflicto entre los t\u00e9rminos de este Aviso de Privacidad y el Aviso de Pr\u00e1cticas de Privacidad en relaci\u00f3n con la PHI, prevalecer\u00e1 el Aviso de Pr\u00e1cticas de Privacidad.<u><span class=\"_yext-default-richtextv2-theme__textUnderline_pe4jj_1\">PHI<\/span><\/u>\u201d) under the Health Insurance Portability and Accountability Act of 1996 and its implementing regulations, as amended (\u201c<u><span class=\"_yext-default-richtextv2-theme__textUnderline_pe4jj_1\">HIPAA<\/span><\/u>\u201d). To the extent of a conflict between the terms of this Privacy Policy and the Notice of Privacy Practices with respect to PHI, the Notices of Privacy Practices will control how we use and disclose your PHI.<\/p><h5><strong>Tus Derechos<\/strong><\/h5><p>Bajo HIPAA, tienes los siguientes derechos con respecto a tu PHI:<\/p><ol><li><p><strong>Acceder a tus Registros<\/strong><br \/>Puedes solicitar y recibir una copia de tus registros de salud. Pueden aplicarse tarifas por copias o res\u00famenes.<\/p><\/li><li><p><strong>Solicitar Modificaciones<\/strong><br \/>Puedes solicitar correcciones a tu informaci\u00f3n de salud si consideras que contiene errores o inexactitudes.<\/p><\/li><li><p><strong>Comunicaciones Confidenciales<\/strong><br \/>Puedes pedirnos que nos comuniquemos contigo de una manera espec\u00edfica (por ejemplo, por tel\u00e9fono o correo electr\u00f3nico) o que enviemos correspondencia a otra direcci\u00f3n.<\/p><\/li><li><p><strong>Limitar Usos y Divulgaciones<\/strong><br \/>Puedes solicitar restricciones en el uso o divulgaci\u00f3n de tu PHI, aunque no siempre podremos cumplir con todas las solicitudes.<\/p><\/li><li><p><strong>Recibir un Historial de Divulgaciones<\/strong><br \/>Tienes derecho a saber c\u00f3mo se ha compartido tu PHI en los \u00faltimos seis a\u00f1os.<\/p><\/li><li><p><strong>Obtener una Copia de este Aviso<\/strong><br \/>Puedes solicitar una copia impresa o electr\u00f3nica de este Aviso de Privacidad en cualquier momento.<\/p><\/li><\/ol><h5><strong>C\u00f3mo Usamos y Divulgamos tu Informaci\u00f3n<\/strong><\/h5><ol><li><p><strong>Para Tratamiento<\/strong><br \/>Podemos usar y compartir tu PHI para proporcionar, coordinar o gestionar tu atenci\u00f3n y tratamiento dental.<\/p><\/li><li><p><strong>Para Pago<\/strong><br \/>Podemos compartir tu informaci\u00f3n con compa\u00f1\u00edas de seguros u otras entidades para facturar y recibir el pago por tu tratamiento.<\/p><\/li><li><p><strong>Para Operaciones de Salud<\/strong><br \/>Tu PHI puede usarse para mejorar nuestros servicios, gestionar operaciones y garantizar atenci\u00f3n de calidad.<\/p><\/li><li><p><strong>Cuando lo Exige la Ley<\/strong><br \/>Podemos compartir tu informaci\u00f3n cuando sea requerido por leyes federales, estatales o locales.<\/p><\/li><li><p><strong>Para Salud y Seguridad P\u00fablica<\/strong><br \/>Tu PHI puede divulgarse para reducir amenazas graves a la salud o seguridad, informar abusos o cumplir con informes de salud p\u00fablica.<\/p><\/li><li><p><strong>Con Asociados Comerciales<\/strong><br \/>Podemos compartir tu informaci\u00f3n con proveedores de confianza que asistan en nuestras operaciones, asegur\u00e1ndonos de que tambi\u00e9n cumplan con las regulaciones de HIPAA.<\/p><\/li><\/ol><h5><strong>Tus Opciones<\/strong><\/h5><p>Puedes optar por excluirte de ciertos usos y divulgaciones, como:<\/p><ul><li>Comunicaciones de marketing.<\/li><li>Compartir tu PHI con familiares o amigos, a menos que est\u00e9 directamente relacionado con tu cuidado o que lo hayas autorizado.<\/li><\/ul><h5><strong>Nuestras Responsabilidades<\/strong><\/h5><ul><li>Estamos obligados por ley a mantener la privacidad y seguridad de tu PHI.<\/li><li>Te notificaremos r\u00e1pidamente si una brecha compromete tu PHI.<\/li><li>No usaremos ni compartiremos tu informaci\u00f3n m\u00e1s all\u00e1 de lo descrito aqu\u00ed, a menos que proporciones autorizaci\u00f3n escrita.<\/li><\/ul><h5><strong>Datos de Contacto<\/strong><\/h5><p>Si tienes preguntas, inquietudes o deseas presentar una queja sobre nuestras pr\u00e1cticas de privacidad, puedes contactarnos:<\/p><p><strong>DSG Dentistry<\/strong><br \/>5693 Coral Ridge Dr. Coral Springs, FL 33076 United States<br \/><a href=\"tel:+17542038808\">+1 (754) 203-8808<\/a><br \/><a href=\"mailto:dentalinfo@dsgdentistry.com\">dentalinfo@dsgdentistry.com<\/a><\/p><p>Tambi\u00e9n puedes presentar una queja ante el Departamento de Salud y Servicios Humanos de los Estados Unidos. No tomaremos represalias por presentar una queja.<\/p>\t\t\t\t\t\t\t\t<\/div>\n\t\t\t\t<\/div>\n\t\t\t\t\t<\/div>\n\t\t\t\t<\/div>\n\t\t\t\t<\/div>","protected":false},"excerpt":{"rendered":"<p>HIPAA Privacy Notice Effective Date: December 10th, 2024 DSG Dentistry (the \u201cPractice,\u201d \u201cwe\u201d or \u201cus\u201d) is committed to protecting the privacy of users of the website located at www.dsgdentistry.com or any website owned, operated, licensed, or controlled by us (the \u201cSite\u201d). This Privacy Policy describes how we gather, use, and disclose information about you. This&#8230;<\/p>","protected":false},"author":1,"featured_media":0,"parent":0,"menu_order":0,"comment_status":"closed","ping_status":"closed","template":"","meta":{"_acf_changed":false,"_monsterinsights_skip_tracking":false,"_monsterinsights_sitenote_active":false,"_monsterinsights_sitenote_note":"","_monsterinsights_sitenote_category":0,"footnotes":""},"class_list":["post-37739","page","type-page","status-publish","hentry"],"acf":[],"_links":{"self":[{"href":"https:\/\/dsgdentistry.com\/es\/wp-json\/wp\/v2\/pages\/37739","targetHints":{"allow":["GET"]}}],"collection":[{"href":"https:\/\/dsgdentistry.com\/es\/wp-json\/wp\/v2\/pages"}],"about":[{"href":"https:\/\/dsgdentistry.com\/es\/wp-json\/wp\/v2\/types\/page"}],"author":[{"embeddable":true,"href":"https:\/\/dsgdentistry.com\/es\/wp-json\/wp\/v2\/users\/1"}],"replies":[{"embeddable":true,"href":"https:\/\/dsgdentistry.com\/es\/wp-json\/wp\/v2\/comments?post=37739"}],"version-history":[{"count":10,"href":"https:\/\/dsgdentistry.com\/es\/wp-json\/wp\/v2\/pages\/37739\/revisions"}],"predecessor-version":[{"id":38135,"href":"https:\/\/dsgdentistry.com\/es\/wp-json\/wp\/v2\/pages\/37739\/revisions\/38135"}],"wp:attachment":[{"href":"https:\/\/dsgdentistry.com\/es\/wp-json\/wp\/v2\/media?parent=37739"}],"curies":[{"name":"wp","href":"https:\/\/api.w.org\/{rel}","templated":true}]}}