{"id":37757,"date":"2024-12-23T00:08:51","date_gmt":"2024-12-23T00:08:51","guid":{"rendered":"https:\/\/dsgdentistry.com\/?page_id=37757"},"modified":"2025-01-14T01:26:50","modified_gmt":"2025-01-14T01:26:50","slug":"terms-of-use","status":"publish","type":"page","link":"https:\/\/dsgdentistry.com\/es\/terms-of-use\/","title":{"rendered":"Terms of Use"},"content":{"rendered":"<div data-elementor-type=\"wp-page\" data-elementor-id=\"37757\" class=\"elementor elementor-37757\" data-elementor-post-type=\"page\">\n\t\t\t\t<div class=\"elementor-element elementor-element-7a6a5a9 e-flex e-con-boxed cmsmasters-block-default e-con e-parent\" data-id=\"7a6a5a9\" data-element_type=\"container\" data-e-type=\"container\">\n\t\t\t\t\t<div class=\"e-con-inner\">\n\t\t\t\t<div class=\"elementor-element elementor-element-92ac18c elementor-widget-divider--view-line cmsmasters-block-default cmsmasters-sticky-default elementor-widget elementor-widget-divider\" data-id=\"92ac18c\" data-element_type=\"widget\" data-e-type=\"widget\" data-widget_type=\"divider.default\">\n\t\t\t\t<div class=\"elementor-widget-container\">\n\t\t\t\t\t\t\t<div class=\"elementor-divider\">\n\t\t\t<span class=\"elementor-divider-separator\">\n\t\t\t\t\t\t<\/span>\n\t\t<\/div>\n\t\t\t\t\t\t<\/div>\n\t\t\t\t<\/div>\n\t\t\t\t<div class=\"elementor-element elementor-element-d857de6 cmsmasters-line-clamp-no cmsmasters-color-variation-default cmsmasters-pointer-none cmsmasters-block-default cmsmasters-sticky-default elementor-widget elementor-widget-cmsmasters-title cmsmasters-widget-title\" data-id=\"d857de6\" data-element_type=\"widget\" data-e-type=\"widget\" data-widget_type=\"cmsmasters-title.default\">\n\t\t\t\t<div class=\"elementor-widget-container\">\n\t\t\t\t\t<h4 class=\"cmsmasters-widget-title__heading\">T\u00e9rminos y Condiciones<\/h4>\t\t\t\t<\/div>\n\t\t\t\t<\/div>\n\t\t\t\t\t<\/div>\n\t\t\t\t<\/div>\n\t\t<div class=\"elementor-element elementor-element-a544532 e-flex e-con-boxed cmsmasters-block-default e-con e-parent\" data-id=\"a544532\" data-element_type=\"container\" data-e-type=\"container\">\n\t\t\t\t\t<div class=\"e-con-inner\">\n\t\t\t\t<div class=\"elementor-element elementor-element-c329a71 cmsmasters-block-default cmsmasters-sticky-default elementor-widget elementor-widget-text-editor\" data-id=\"c329a71\" data-element_type=\"widget\" data-e-type=\"widget\" data-widget_type=\"text-editor.default\">\n\t\t\t\t<div class=\"elementor-widget-container\">\n\t\t\t\t\t\t\t\t\t<p>Estos t\u00e9rminos y condiciones (\"Acuerdo\") establecen los t\u00e9rminos y condiciones generales para el uso del sitio web <a href=\"https:\/\/dsgdentistry.com\/es\/\">dsgdentistry.com<\/a> (\"Sitio web\" o \"Servicio\") y cualquiera de sus productos y servicios relacionados (colectivamente, \"Servicios\"). Este Acuerdo es legalmente vinculante entre usted (\"Usuario\", \"usted\" o \"su\") y DSG Dentistry (\"DSG Dentistry\", \"nosotros\", \"nuestro\" o \"nos\"). Si usted celebra este Acuerdo en nombre de una empresa u otra entidad legal, declara que tiene la autoridad para vincular dicha entidad a este Acuerdo, en cuyo caso los t\u00e9rminos \"Usuario\", \"usted\" o \"su\" se referir\u00e1n a dicha entidad. Si no tiene dicha autoridad o si no est\u00e1 de acuerdo con los t\u00e9rminos de este Acuerdo, no debe aceptar este Acuerdo ni acceder ni usar el Sitio web y los Servicios. Al acceder y usar el Sitio web y los Servicios, usted reconoce que ha le\u00eddo, entendido y acepta quedar obligado por los t\u00e9rminos de este Acuerdo. Reconoce que este Acuerdo es un contrato entre usted y DSG Dentistry, aunque sea electr\u00f3nico y no est\u00e9 f\u00edsicamente firmado por usted, y que rige su uso del Sitio web y los Servicios.<\/p><div class=\"toc\"><h5>Tabla de contenido<\/h5><ol class=\"toc\"><li><a href=\"#links-to-other-resources\">Enlaces a otros recursos<\/a><\/li><li><a href=\"#prohibited-uses\">Usos prohibidos<\/a><\/li><li><a href=\"#intellectual-property-rights\">Derechos de propiedad intelectual<\/a><\/li><li><a href=\"#severability\">Divisibilidad<\/a><\/li><li><a href=\"#changes-and-amendments\">Cambios y modificaciones<\/a><\/li><li><a href=\"#acceptance-of-these-terms\">Aceptaci\u00f3n de estos t\u00e9rminos<\/a><\/li><li><a href=\"#contacting-us\">C\u00f3mo contactarnos<\/a><\/li><\/ol><\/div><h5 id=\"links-to-other-resources\">Enlaces a otros recursos<\/h5><p>Aunque el Sitio web y los Servicios pueden contener enlaces a otros recursos (como sitios web, aplicaciones m\u00f3viles, etc.), no estamos, directa o indirectamente, implicando ninguna aprobaci\u00f3n, asociaci\u00f3n, patrocinio, respaldo o afiliaci\u00f3n con ning\u00fan recurso enlazado, a menos que se indique espec\u00edficamente aqu\u00ed. No somos responsables de examinar o evaluar, ni garantizamos las ofertas de ninguna empresa o individuo, ni el contenido de sus recursos. No asumimos ninguna responsabilidad por las acciones, productos, servicios o contenido de terceros. Le recomendamos que revise cuidadosamente las declaraciones legales y otras condiciones de uso de cualquier recurso al que acceda a trav\u00e9s de un enlace en el Sitio web. Su acceso a cualquier recurso externo enlazado ser\u00e1 bajo su propio riesgo.<\/p><h5 id=\"prohibited-uses\">Usos prohibidos<\/h5><p>Adem\u00e1s de otros t\u00e9rminos establecidos en este Acuerdo, se le proh\u00edbe usar el Sitio web y los Servicios o su contenido para:\n(a) Cualquier prop\u00f3sito ilegal.\n(b) Solicitar a otros que realicen o participen en actos ilegales.\n(c) Violar cualquier reglamento, ley u ordenanza internacional, federal, provincial o estatal.\n(d) Infringir o violar nuestros derechos de propiedad intelectual o los derechos de propiedad intelectual de otros.\n(e) Acosar, abusar, insultar, da\u00f1ar, difamar, calumniar, menospreciar, intimidar o discriminar por g\u00e9nero, orientaci\u00f3n sexual, religi\u00f3n, etnia, raza, edad, origen nacional o discapacidad.\n(f) Presentar informaci\u00f3n falsa o enga\u00f1osa.\n(g) Subir o transmitir virus o cualquier otro tipo de c\u00f3digo malicioso que pueda afectar la funcionalidad u operaci\u00f3n del Sitio web y los Servicios, productos y servicios de terceros o de Internet.\n(h) Hacer spam, phishing, pharming, pretexting, crawling o scraping.\n(i) Cualquier prop\u00f3sito obsceno o inmoral.\n(j) Interferir con las caracter\u00edsticas de seguridad del Sitio web y los Servicios, productos y servicios de terceros o de Internet.\n\nNos reservamos el derecho de terminar su uso del Sitio web y los Servicios por violar cualquiera de los usos prohibidos.<\/p><h5 id=\"intellectual-property-rights\">Derechos de propiedad intelectual<\/h5><p>Los \"Derechos de propiedad intelectual\" incluyen todos los derechos presentes y futuros conferidos por estatuto, derecho com\u00fan o equidad en relaci\u00f3n con derechos de autor, marcas registradas, dise\u00f1os, patentes, invenciones, buena voluntad y cualquier otro derecho relacionado con la propiedad intelectual. Este Acuerdo no transfiere ning\u00fan derecho de propiedad intelectual perteneciente a DSG Dentistry o a terceros, y todos los derechos, t\u00edtulos e intereses seguir\u00e1n siendo propiedad exclusiva de DSG Dentistry.\n\nSu uso del Sitio web y los Servicios no le otorga derecho ni licencia para reproducir o utilizar ninguna marca registrada de DSG Dentistry o de terceros.<\/p><h5 id=\"severability\">Divisibilidad<\/h5><p>Todos los derechos y restricciones contenidos en este Acuerdo se aplicar\u00e1n \u00fanicamente en la medida en que no violen ninguna ley aplicable. Si alguna disposici\u00f3n de este Acuerdo se considera ilegal o inaplicable, las disposiciones restantes seguir\u00e1n siendo v\u00e1lidas y en pleno efecto.<\/p><h5 id=\"changes-and-amendments\">Cambios y modificaciones<\/h5><p>Nos reservamos el derecho de modificar este Acuerdo o sus t\u00e9rminos relacionados con el Sitio web y los Servicios en cualquier momento a nuestra discreci\u00f3n. Cuando lo hagamos, actualizaremos la fecha revisada al final de esta p\u00e1gina y podremos notificarle de otras maneras.\n\nEl uso continuado del Sitio web y los Servicios despu\u00e9s de la fecha de vigencia de cualquier revisi\u00f3n constituir\u00e1 su aceptaci\u00f3n de dichos cambios.<\/p><p>Una versi\u00f3n actualizada de este Acuerdo entrar\u00e1 en vigor inmediatamente despu\u00e9s de la publicaci\u00f3n del Acuerdo revisado, a menos que se especifique lo contrario. Su uso continuo del Sitio web y los Servicios despu\u00e9s de la fecha de vigencia del Acuerdo revisado (o cualquier otro acto especificado en ese momento) constituir\u00e1 su consentimiento a dichos cambios.<\/p><h5 id=\"acceptance-of-these-terms\">Aceptaci\u00f3n de estos t\u00e9rminos<\/h5><p>Usted reconoce que ha le\u00eddo este Acuerdo y acepta todos sus t\u00e9rminos y condiciones. Al acceder y usar el Sitio web y los Servicios, acepta quedar vinculado por este Acuerdo. Si no est\u00e1 de acuerdo con los t\u00e9rminos, no est\u00e1 autorizado a usar el Sitio web y los Servicios.\u00a0<\/p><h5 id=\"contacting-us\">C\u00f3mo contactarnos<\/h5><p>Si tiene alguna pregunta, inquietud o queja sobre este Acuerdo, le invitamos a contactarnos utilizando los siguientes datos:<\/p><p><a href=\"mailto:dentalinfo@dsgdentistry.com\">dentalinfo@dsgdentistry.com<\/a><\/p><p>\u00daltima actualizaci\u00f3n: 22 de diciembre de 2024<\/p>\t\t\t\t\t\t\t\t<\/div>\n\t\t\t\t<\/div>\n\t\t\t\t\t<\/div>\n\t\t\t\t<\/div>\n\t\t<div class=\"elementor-element elementor-element-3c01849 e-flex e-con-boxed cmsmasters-block-default e-con e-parent\" data-id=\"3c01849\" data-element_type=\"container\" data-e-type=\"container\">\n\t\t\t\t\t<div class=\"e-con-inner\">\n\t\t\t\t\t<\/div>\n\t\t\t\t<\/div>\n\t\t\t\t<\/div>","protected":false},"excerpt":{"rendered":"<p>Terms &amp; Conditions These terms and conditions (\u201cAgreement\u201d) set forth the general terms and conditions of your use of the dsgdentistry.com website (\u201cWebsite\u201d or \u201cService\u201d) and any of its related products and services (collectively, \u201cServices\u201d). This Agreement is legally binding between you (\u201cUser\u201d, \u201cyou\u201d or \u201cyour\u201d) and DSG Dentistry (\u201cDSG Dentistry\u201d, \u201cwe\u201d, \u201cus\u201d or \u201cour\u201d)&#8230;.<\/p>","protected":false},"author":1,"featured_media":0,"parent":0,"menu_order":0,"comment_status":"closed","ping_status":"closed","template":"","meta":{"_acf_changed":false,"_monsterinsights_skip_tracking":false,"_monsterinsights_sitenote_active":false,"_monsterinsights_sitenote_note":"","_monsterinsights_sitenote_category":0,"footnotes":""},"class_list":["post-37757","page","type-page","status-publish","hentry"],"acf":[],"_links":{"self":[{"href":"https:\/\/dsgdentistry.com\/es\/wp-json\/wp\/v2\/pages\/37757","targetHints":{"allow":["GET"]}}],"collection":[{"href":"https:\/\/dsgdentistry.com\/es\/wp-json\/wp\/v2\/pages"}],"about":[{"href":"https:\/\/dsgdentistry.com\/es\/wp-json\/wp\/v2\/types\/page"}],"author":[{"embeddable":true,"href":"https:\/\/dsgdentistry.com\/es\/wp-json\/wp\/v2\/users\/1"}],"replies":[{"embeddable":true,"href":"https:\/\/dsgdentistry.com\/es\/wp-json\/wp\/v2\/comments?post=37757"}],"version-history":[{"count":16,"href":"https:\/\/dsgdentistry.com\/es\/wp-json\/wp\/v2\/pages\/37757\/revisions"}],"predecessor-version":[{"id":38138,"href":"https:\/\/dsgdentistry.com\/es\/wp-json\/wp\/v2\/pages\/37757\/revisions\/38138"}],"wp:attachment":[{"href":"https:\/\/dsgdentistry.com\/es\/wp-json\/wp\/v2\/media?parent=37757"}],"curies":[{"name":"wp","href":"https:\/\/api.w.org\/{rel}","templated":true}]}}